{"id":40,"date":"2023-08-18T06:49:34","date_gmt":"2023-08-18T06:49:34","guid":{"rendered":"https:\/\/tenjin.com\/?page_id=40"},"modified":"2024-06-27T12:26:06","modified_gmt":"2024-06-27T12:26:06","slug":"mobile-attribution","status":"publish","type":"page","link":"https:\/\/tenjin.com\/pt\/mobile-attribution\/","title":{"rendered":"Atribui\u00e7\u00e3o M\u00f3vel"},"content":{"rendered":"","protected":false},"excerpt":{"rendered":"","protected":false},"author":5,"featured_media":0,"parent":0,"menu_order":0,"comment_status":"closed","ping_status":"closed","template":"templates\/product-page.php","meta":{"_acf_changed":false,"footnotes":""},"class_list":["post-40","page","type-page","status-publish","hentry"],"acf":[],"yoast_head":"<!-- This site is optimized with the Yoast SEO plugin v27.1.1 - https:\/\/yoast.com\/product\/yoast-seo-wordpress\/ -->\n<title>Mobile Attribution - Tenjin<\/title>\n<meta name=\"description\" content=\"Seamlessly identify and double down on the best users and advertising channels for your app with Tenjin\u2019s mobile attribution.\" \/>\n<meta name=\"robots\" content=\"index, follow, max-snippet:-1, max-image-preview:large, max-video-preview:-1\" \/>\n<link rel=\"canonical\" href=\"https:\/\/tenjin.com\/pt\/mobile-attribution\/\" \/>\n<meta property=\"og:locale\" content=\"pt_PT\" \/>\n<meta property=\"og:type\" content=\"article\" \/>\n<meta property=\"og:title\" content=\"Mobile Attribution\" \/>\n<meta property=\"og:description\" content=\"The ultimate growth engine for mobile apps\" \/>\n<meta property=\"og:url\" content=\"https:\/\/tenjin.com\/pt\/mobile-attribution\/\" \/>\n<meta property=\"og:site_name\" content=\"Tenjin\" \/>\n<meta property=\"article:modified_time\" content=\"2024-06-27T12:26:06+00:00\" \/>\n<meta property=\"og:image\" content=\"https:\/\/tenjin.com\/wp-content\/uploads\/2023\/10\/Mobile-attribution.png\" \/>\n\t<meta property=\"og:image:width\" content=\"1600\" \/>\n\t<meta property=\"og:image:height\" content=\"900\" \/>\n\t<meta property=\"og:image:type\" content=\"image\/png\" \/>\n<meta name=\"twitter:card\" content=\"summary_large_image\" \/>\n<script type=\"application\/ld+json\" class=\"yoast-schema-graph\">{\"@context\":\"https:\/\/schema.org\",\"@graph\":[{\"@type\":\"WebPage\",\"@id\":\"https:\/\/tenjin.com\/mobile-attribution\/\",\"url\":\"https:\/\/tenjin.com\/mobile-attribution\/\",\"name\":\"Mobile Attribution - Tenjin\",\"isPartOf\":{\"@id\":\"https:\/\/tenjin.com\/ru\/#website\"},\"datePublished\":\"2023-08-18T06:49:34+00:00\",\"dateModified\":\"2024-06-27T12:26:06+00:00\",\"description\":\"Seamlessly identify and double down on the best users and advertising channels for your app with Tenjin\u2019s mobile attribution.\",\"breadcrumb\":{\"@id\":\"https:\/\/tenjin.com\/mobile-attribution\/#breadcrumb\"},\"inLanguage\":\"pt-PT\",\"potentialAction\":[{\"@type\":\"ReadAction\",\"target\":[\"https:\/\/tenjin.com\/mobile-attribution\/\"]}]},{\"@type\":\"BreadcrumbList\",\"@id\":\"https:\/\/tenjin.com\/mobile-attribution\/#breadcrumb\",\"itemListElement\":[{\"@type\":\"ListItem\",\"position\":1,\"name\":\"Home\",\"item\":\"https:\/\/tenjin.com\/\"},{\"@type\":\"ListItem\",\"position\":2,\"name\":\"Mobile Attribution\"}]},{\"@type\":\"WebSite\",\"@id\":\"https:\/\/tenjin.com\/ru\/#website\",\"url\":\"https:\/\/tenjin.com\/ru\/\",\"name\":\"Tenjin\",\"description\":\"\",\"potentialAction\":[{\"@type\":\"SearchAction\",\"target\":{\"@type\":\"EntryPoint\",\"urlTemplate\":\"https:\/\/tenjin.com\/ru\/?s={search_term_string}\"},\"query-input\":{\"@type\":\"PropertyValueSpecification\",\"valueRequired\":true,\"valueName\":\"search_term_string\"}}],\"inLanguage\":\"pt-PT\"}]}<\/script>\n<!-- \/ Yoast SEO plugin. -->","yoast_head_json":{"title":"Atribui\u00e7\u00e3o m\u00f3vel - Tenjin","description":"Identifique e amplie facilmente os melhores usu\u00e1rios e canais de publicidade para seu aplicativo com a atribui\u00e7\u00e3o m\u00f3vel da Tenjin.","robots":{"index":"index","follow":"follow","max-snippet":"max-snippet:-1","max-image-preview":"max-image-preview:large","max-video-preview":"max-video-preview:-1"},"canonical":"https:\/\/tenjin.com\/pt\/mobile-attribution\/","og_locale":"pt_PT","og_type":"article","og_title":"Mobile Attribution","og_description":"The ultimate growth engine for mobile apps","og_url":"https:\/\/tenjin.com\/pt\/mobile-attribution\/","og_site_name":"Tenjin","article_modified_time":"2024-06-27T12:26:06+00:00","og_image":[{"width":1600,"height":900,"url":"https:\/\/tenjin.com\/wp-content\/uploads\/2023\/10\/Mobile-attribution.png","type":"image\/png"}],"twitter_card":"summary_large_image","schema":{"@context":"https:\/\/schema.org","@graph":[{"@type":"WebPage","@id":"https:\/\/tenjin.com\/mobile-attribution\/","url":"https:\/\/tenjin.com\/mobile-attribution\/","name":"Atribui\u00e7\u00e3o m\u00f3vel - Tenjin","isPartOf":{"@id":"https:\/\/tenjin.com\/ru\/#website"},"datePublished":"2023-08-18T06:49:34+00:00","dateModified":"2024-06-27T12:26:06+00:00","description":"Identifique e amplie facilmente os melhores usu\u00e1rios e canais de publicidade para seu aplicativo com a atribui\u00e7\u00e3o m\u00f3vel da Tenjin.","breadcrumb":{"@id":"https:\/\/tenjin.com\/mobile-attribution\/#breadcrumb"},"inLanguage":"pt-PT","potentialAction":[{"@type":"ReadAction","target":["https:\/\/tenjin.com\/mobile-attribution\/"]}]},{"@type":"BreadcrumbList","@id":"https:\/\/tenjin.com\/mobile-attribution\/#breadcrumb","itemListElement":[{"@type":"ListItem","position":1,"name":"Home","item":"https:\/\/tenjin.com\/"},{"@type":"ListItem","position":2,"name":"Mobile Attribution"}]},{"@type":"WebSite","@id":"https:\/\/tenjin.com\/ru\/#website","url":"https:\/\/tenjin.com\/ru\/","name":"Tenjin","description":"","potentialAction":[{"@type":"SearchAction","target":{"@type":"EntryPoint","urlTemplate":"https:\/\/tenjin.com\/ru\/?s={search_term_string}"},"query-input":{"@type":"PropertyValueSpecification","valueRequired":true,"valueName":"search_term_string"}}],"inLanguage":"pt-PT"}]}},"_links":{"self":[{"href":"https:\/\/tenjin.com\/pt\/wp-json\/wp\/v2\/pages\/40","targetHints":{"allow":["GET"]}}],"collection":[{"href":"https:\/\/tenjin.com\/pt\/wp-json\/wp\/v2\/pages"}],"about":[{"href":"https:\/\/tenjin.com\/pt\/wp-json\/wp\/v2\/types\/page"}],"author":[{"embeddable":true,"href":"https:\/\/tenjin.com\/pt\/wp-json\/wp\/v2\/users\/5"}],"replies":[{"embeddable":true,"href":"https:\/\/tenjin.com\/pt\/wp-json\/wp\/v2\/comments?post=40"}],"version-history":[{"count":0,"href":"https:\/\/tenjin.com\/pt\/wp-json\/wp\/v2\/pages\/40\/revisions"}],"wp:attachment":[{"href":"https:\/\/tenjin.com\/pt\/wp-json\/wp\/v2\/media?parent=40"}],"curies":[{"name":"wp","href":"https:\/\/api.w.org\/{rel}","templated":true}]}}