{"id":6,"date":"2023-08-04T06:37:29","date_gmt":"2023-08-04T06:37:29","guid":{"rendered":"https:\/\/tenjin.com\/homepage\/"},"modified":"2026-04-09T16:05:12","modified_gmt":"2026-04-09T16:05:12","slug":"homepage","status":"publish","type":"page","link":"https:\/\/tenjin.com\/pt\/","title":{"rendered":"P\u00e1gina inicial"},"content":{"rendered":"","protected":false},"excerpt":{"rendered":"","protected":false},"author":5,"featured_media":0,"parent":0,"menu_order":0,"comment_status":"closed","ping_status":"closed","template":"templates\/homepage.php","meta":{"_acf_changed":false,"footnotes":""},"class_list":["post-6","page","type-page","status-publish","hentry"],"acf":[],"yoast_head":"<!-- This site is optimized with the Yoast SEO plugin v27.1.1 - https:\/\/yoast.com\/product\/yoast-seo-wordpress\/ -->\n<title>Mobile Marketing Analytics | Tenjin MMP<\/title>\n<meta name=\"description\" content=\"Mobile marketing analytics. The only MMP with all-inclusive features, flexible, cancel anytime &amp; pay-as-you-grow attribution. Free to start.\" \/>\n<meta name=\"robots\" content=\"index, follow, max-snippet:-1, max-image-preview:large, max-video-preview:-1\" \/>\n<link rel=\"canonical\" href=\"https:\/\/tenjin.com\/pt\/\" \/>\n<meta property=\"og:locale\" content=\"pt_PT\" \/>\n<meta property=\"og:type\" content=\"article\" \/>\n<meta property=\"og:title\" content=\"Tenjin: The All\u2011Inclusive Mobile Ad Measurement Suite\" \/>\n<meta property=\"og:description\" content=\"Tenjin gives mobile publishers simple, powerful ad measurement for a flat $200\/month\u2014no hidden fees, cancel anytime. Attribution, LTV prediction, cost aggregation and more. Trusted by 30,000+ apps since YC \u201914.\" \/>\n<meta property=\"og:url\" content=\"https:\/\/tenjin.com\/pt\/\" \/>\n<meta property=\"og:site_name\" content=\"Tenjin\" \/>\n<meta property=\"article:modified_time\" content=\"2026-04-09T16:05:12+00:00\" \/>\n<meta property=\"og:image\" content=\"https:\/\/tenjin.com\/wp-content\/uploads\/2023\/10\/Home.png\" \/>\n\t<meta property=\"og:image:width\" content=\"1600\" \/>\n\t<meta property=\"og:image:height\" content=\"900\" \/>\n\t<meta property=\"og:image:type\" content=\"image\/png\" \/>\n<meta name=\"twitter:card\" content=\"summary_large_image\" \/>\n<meta name=\"twitter:site\" content=\"@TenjinMMP\" \/>\n<script type=\"application\/ld+json\" class=\"yoast-schema-graph\">{\"@context\":\"https:\/\/schema.org\",\"@graph\":[{\"@type\":\"WebPage\",\"@id\":\"https:\/\/tenjin.com\/\",\"url\":\"https:\/\/tenjin.com\/\",\"name\":\"Mobile Marketing Analytics | Tenjin MMP\",\"isPartOf\":{\"@id\":\"https:\/\/tenjin.com\/#website\"},\"datePublished\":\"2023-08-04T06:37:29+00:00\",\"dateModified\":\"2026-04-09T16:05:12+00:00\",\"description\":\"Mobile marketing analytics. The only MMP with all-inclusive features, flexible, cancel anytime & pay-as-you-grow attribution. Free to start.\",\"breadcrumb\":{\"@id\":\"https:\/\/tenjin.com\/#breadcrumb\"},\"inLanguage\":\"pt-PT\",\"potentialAction\":[{\"@type\":\"ReadAction\",\"target\":[\"https:\/\/tenjin.com\/\"]}]},{\"@type\":\"BreadcrumbList\",\"@id\":\"https:\/\/tenjin.com\/#breadcrumb\",\"itemListElement\":[{\"@type\":\"ListItem\",\"position\":1,\"name\":\"Home\",\"item\":\"https:\/\/tenjin.com\/\"},{\"@type\":\"ListItem\",\"position\":2,\"name\":\"Homepage\"}]},{\"@type\":\"WebSite\",\"@id\":\"https:\/\/tenjin.com\/#website\",\"url\":\"https:\/\/tenjin.com\/\",\"name\":\"Tenjin\",\"description\":\"Growth Made Simple\",\"publisher\":{\"@id\":\"https:\/\/tenjin.com\/#organization\"},\"alternateName\":\"Tenjin - Mobile Measurement Partner\",\"potentialAction\":[{\"@type\":\"SearchAction\",\"target\":{\"@type\":\"EntryPoint\",\"urlTemplate\":\"https:\/\/tenjin.com\/?s={search_term_string}\"},\"query-input\":{\"@type\":\"PropertyValueSpecification\",\"valueRequired\":true,\"valueName\":\"search_term_string\"}}],\"inLanguage\":\"pt-PT\"},{\"@type\":\"Organization\",\"@id\":\"https:\/\/tenjin.com\/#organization\",\"name\":\"Tenjin\",\"url\":\"https:\/\/tenjin.com\/\",\"logo\":{\"@type\":\"ImageObject\",\"inLanguage\":\"pt-PT\",\"@id\":\"https:\/\/tenjin.com\/#\/schema\/logo\/image\/\",\"url\":\"https:\/\/tenjin.com\/wp-content\/uploads\/2026\/04\/images.webp\",\"contentUrl\":\"https:\/\/tenjin.com\/wp-content\/uploads\/2026\/04\/images.webp\",\"width\":429,\"height\":117,\"caption\":\"Tenjin\"},\"image\":{\"@id\":\"https:\/\/tenjin.com\/#\/schema\/logo\/image\/\"},\"sameAs\":[\"https:\/\/x.com\/TenjinMMP\",\"https:\/\/www.youtube.com\/@TenjinMMP\",\"https:\/\/www.linkedin.com\/company\/tenjin\"]}]}<\/script>\n<!-- \/ Yoast SEO plugin. -->","yoast_head_json":{"title":"Mobile Marketing Analytics | Tenjin MMP","description":"An\u00e1lise de marketing m\u00f3vel. A \u00fanica MMP com todas as funcionalidades, flex\u00edvel, cancelamento a qualquer altura e atribui\u00e7\u00e3o de pagamento \u00e0 medida que cresce. Gratuito para come\u00e7ar.","robots":{"index":"index","follow":"follow","max-snippet":"max-snippet:-1","max-image-preview":"max-image-preview:large","max-video-preview":"max-video-preview:-1"},"canonical":"https:\/\/tenjin.com\/pt\/","og_locale":"pt_PT","og_type":"article","og_title":"Tenjin: The All\u2011Inclusive Mobile Ad Measurement Suite","og_description":"Tenjin gives mobile publishers simple, powerful ad measurement for a flat $200\/month\u2014no hidden fees, cancel anytime. Attribution, LTV prediction, cost aggregation and more. Trusted by 30,000+ apps since YC \u201914.","og_url":"https:\/\/tenjin.com\/pt\/","og_site_name":"Tenjin","article_modified_time":"2026-04-09T16:05:12+00:00","og_image":[{"width":1600,"height":900,"url":"https:\/\/tenjin.com\/wp-content\/uploads\/2023\/10\/Home.png","type":"image\/png"}],"twitter_card":"summary_large_image","twitter_site":"@TenjinMMP","schema":{"@context":"https:\/\/schema.org","@graph":[{"@type":"WebPage","@id":"https:\/\/tenjin.com\/","url":"https:\/\/tenjin.com\/","name":"Mobile Marketing Analytics | Tenjin MMP","isPartOf":{"@id":"https:\/\/tenjin.com\/#website"},"datePublished":"2023-08-04T06:37:29+00:00","dateModified":"2026-04-09T16:05:12+00:00","description":"An\u00e1lise de marketing m\u00f3vel. A \u00fanica MMP com todas as funcionalidades, flex\u00edvel, cancelamento a qualquer altura e atribui\u00e7\u00e3o de pagamento \u00e0 medida que cresce. Gratuito para come\u00e7ar.","breadcrumb":{"@id":"https:\/\/tenjin.com\/#breadcrumb"},"inLanguage":"pt-PT","potentialAction":[{"@type":"ReadAction","target":["https:\/\/tenjin.com\/"]}]},{"@type":"BreadcrumbList","@id":"https:\/\/tenjin.com\/#breadcrumb","itemListElement":[{"@type":"ListItem","position":1,"name":"Home","item":"https:\/\/tenjin.com\/"},{"@type":"ListItem","position":2,"name":"Homepage"}]},{"@type":"WebSite","@id":"https:\/\/tenjin.com\/#website","url":"https:\/\/tenjin.com\/","name":"Tenjin","description":"Crescimento Simplificado","publisher":{"@id":"https:\/\/tenjin.com\/#organization"},"alternateName":"Tenjin - Mobile Measurement Partner","potentialAction":[{"@type":"SearchAction","target":{"@type":"EntryPoint","urlTemplate":"https:\/\/tenjin.com\/?s={search_term_string}"},"query-input":{"@type":"PropertyValueSpecification","valueRequired":true,"valueName":"search_term_string"}}],"inLanguage":"pt-PT"},{"@type":"Organization","@id":"https:\/\/tenjin.com\/#organization","name":"Tenjin","url":"https:\/\/tenjin.com\/","logo":{"@type":"ImageObject","inLanguage":"pt-PT","@id":"https:\/\/tenjin.com\/#\/schema\/logo\/image\/","url":"https:\/\/tenjin.com\/wp-content\/uploads\/2026\/04\/images.webp","contentUrl":"https:\/\/tenjin.com\/wp-content\/uploads\/2026\/04\/images.webp","width":429,"height":117,"caption":"Tenjin"},"image":{"@id":"https:\/\/tenjin.com\/#\/schema\/logo\/image\/"},"sameAs":["https:\/\/x.com\/TenjinMMP","https:\/\/www.youtube.com\/@TenjinMMP","https:\/\/www.linkedin.com\/company\/tenjin"]}]}},"_links":{"self":[{"href":"https:\/\/tenjin.com\/pt\/wp-json\/wp\/v2\/pages\/6","targetHints":{"allow":["GET"]}}],"collection":[{"href":"https:\/\/tenjin.com\/pt\/wp-json\/wp\/v2\/pages"}],"about":[{"href":"https:\/\/tenjin.com\/pt\/wp-json\/wp\/v2\/types\/page"}],"author":[{"embeddable":true,"href":"https:\/\/tenjin.com\/pt\/wp-json\/wp\/v2\/users\/5"}],"replies":[{"embeddable":true,"href":"https:\/\/tenjin.com\/pt\/wp-json\/wp\/v2\/comments?post=6"}],"version-history":[{"count":16,"href":"https:\/\/tenjin.com\/pt\/wp-json\/wp\/v2\/pages\/6\/revisions"}],"predecessor-version":[{"id":17227,"href":"https:\/\/tenjin.com\/pt\/wp-json\/wp\/v2\/pages\/6\/revisions\/17227"}],"wp:attachment":[{"href":"https:\/\/tenjin.com\/pt\/wp-json\/wp\/v2\/media?parent=6"}],"curies":[{"name":"wp","href":"https:\/\/api.w.org\/{rel}","templated":true}]}}