{"id":7,"date":"2023-08-04T06:37:36","date_gmt":"2023-08-04T06:37:36","guid":{"rendered":"https:\/\/tenjin.com\/product-page\/"},"modified":"2024-10-24T17:21:26","modified_gmt":"2024-10-24T17:21:26","slug":"ad-monetization-suite","status":"publish","type":"page","link":"https:\/\/tenjin.com\/pt\/ad-monetization-suite\/","title":{"rendered":"Pacote de monetiza\u00e7\u00e3o de an\u00fancios"},"content":{"rendered":"","protected":false},"excerpt":{"rendered":"","protected":false},"author":5,"featured_media":0,"parent":0,"menu_order":0,"comment_status":"closed","ping_status":"closed","template":"templates\/product-page.php","meta":{"_acf_changed":false,"footnotes":""},"class_list":["post-7","page","type-page","status-publish","hentry"],"acf":[],"yoast_head":"<!-- This site is optimized with the Yoast SEO plugin v27.1.1 - https:\/\/yoast.com\/product\/yoast-seo-wordpress\/ -->\n<title>Ad Monetization Suite - Tenjin<\/title>\n<meta name=\"robots\" content=\"index, follow, max-snippet:-1, max-image-preview:large, max-video-preview:-1\" \/>\n<link rel=\"canonical\" href=\"https:\/\/tenjin.com\/pt\/ad-monetization-suite\/\" \/>\n<meta property=\"og:locale\" content=\"pt_PT\" \/>\n<meta property=\"og:type\" content=\"article\" \/>\n<meta property=\"og:title\" content=\"Ad Monetization Suite\" \/>\n<meta property=\"og:description\" content=\"All the tools you need for hybrid monetization at your fingertips\" \/>\n<meta property=\"og:url\" content=\"https:\/\/tenjin.com\/pt\/ad-monetization-suite\/\" \/>\n<meta property=\"og:site_name\" content=\"Tenjin\" \/>\n<meta property=\"article:modified_time\" content=\"2024-10-24T17:21:26+00:00\" \/>\n<meta property=\"og:image\" content=\"https:\/\/tenjin.com\/wp-content\/uploads\/2023\/10\/Ad-monetization.png\" \/>\n\t<meta property=\"og:image:width\" content=\"1600\" \/>\n\t<meta property=\"og:image:height\" content=\"900\" \/>\n\t<meta property=\"og:image:type\" content=\"image\/png\" \/>\n<meta name=\"twitter:card\" content=\"summary_large_image\" \/>\n<script type=\"application\/ld+json\" class=\"yoast-schema-graph\">{\"@context\":\"https:\/\/schema.org\",\"@graph\":[{\"@type\":\"WebPage\",\"@id\":\"https:\/\/tenjin.com\/zh\/ad-monetization-suite\/\",\"url\":\"https:\/\/tenjin.com\/zh\/ad-monetization-suite\/\",\"name\":\"Ad Monetization Suite - Tenjin\",\"isPartOf\":{\"@id\":\"https:\/\/tenjin.com\/ru\/#website\"},\"datePublished\":\"2023-08-04T06:37:36+00:00\",\"dateModified\":\"2024-10-24T17:21:26+00:00\",\"breadcrumb\":{\"@id\":\"https:\/\/tenjin.com\/zh\/ad-monetization-suite\/#breadcrumb\"},\"inLanguage\":\"pt-PT\",\"potentialAction\":[{\"@type\":\"ReadAction\",\"target\":[\"https:\/\/tenjin.com\/zh\/ad-monetization-suite\/\"]}]},{\"@type\":\"BreadcrumbList\",\"@id\":\"https:\/\/tenjin.com\/zh\/ad-monetization-suite\/#breadcrumb\",\"itemListElement\":[{\"@type\":\"ListItem\",\"position\":1,\"name\":\"Home\",\"item\":\"https:\/\/tenjin.com\/\"},{\"@type\":\"ListItem\",\"position\":2,\"name\":\"Ad Monetization Suite\"}]},{\"@type\":\"WebSite\",\"@id\":\"https:\/\/tenjin.com\/ru\/#website\",\"url\":\"https:\/\/tenjin.com\/ru\/\",\"name\":\"Tenjin\",\"description\":\"\",\"potentialAction\":[{\"@type\":\"SearchAction\",\"target\":{\"@type\":\"EntryPoint\",\"urlTemplate\":\"https:\/\/tenjin.com\/ru\/?s={search_term_string}\"},\"query-input\":{\"@type\":\"PropertyValueSpecification\",\"valueRequired\":true,\"valueName\":\"search_term_string\"}}],\"inLanguage\":\"pt-PT\"}]}<\/script>\n<!-- \/ Yoast SEO plugin. -->","yoast_head_json":{"title":"Conjunto de monetiza\u00e7\u00e3o de an\u00fancios - Tenjin","robots":{"index":"index","follow":"follow","max-snippet":"max-snippet:-1","max-image-preview":"max-image-preview:large","max-video-preview":"max-video-preview:-1"},"canonical":"https:\/\/tenjin.com\/pt\/ad-monetization-suite\/","og_locale":"pt_PT","og_type":"article","og_title":"Ad Monetization Suite","og_description":"All the tools you need for hybrid monetization at your fingertips","og_url":"https:\/\/tenjin.com\/pt\/ad-monetization-suite\/","og_site_name":"Tenjin","article_modified_time":"2024-10-24T17:21:26+00:00","og_image":[{"width":1600,"height":900,"url":"https:\/\/tenjin.com\/wp-content\/uploads\/2023\/10\/Ad-monetization.png","type":"image\/png"}],"twitter_card":"summary_large_image","schema":{"@context":"https:\/\/schema.org","@graph":[{"@type":"WebPage","@id":"https:\/\/tenjin.com\/zh\/ad-monetization-suite\/","url":"https:\/\/tenjin.com\/zh\/ad-monetization-suite\/","name":"Conjunto de monetiza\u00e7\u00e3o de an\u00fancios - Tenjin","isPartOf":{"@id":"https:\/\/tenjin.com\/ru\/#website"},"datePublished":"2023-08-04T06:37:36+00:00","dateModified":"2024-10-24T17:21:26+00:00","breadcrumb":{"@id":"https:\/\/tenjin.com\/zh\/ad-monetization-suite\/#breadcrumb"},"inLanguage":"pt-PT","potentialAction":[{"@type":"ReadAction","target":["https:\/\/tenjin.com\/zh\/ad-monetization-suite\/"]}]},{"@type":"BreadcrumbList","@id":"https:\/\/tenjin.com\/zh\/ad-monetization-suite\/#breadcrumb","itemListElement":[{"@type":"ListItem","position":1,"name":"Home","item":"https:\/\/tenjin.com\/"},{"@type":"ListItem","position":2,"name":"Ad Monetization Suite"}]},{"@type":"WebSite","@id":"https:\/\/tenjin.com\/ru\/#website","url":"https:\/\/tenjin.com\/ru\/","name":"Tenjin","description":"","potentialAction":[{"@type":"SearchAction","target":{"@type":"EntryPoint","urlTemplate":"https:\/\/tenjin.com\/ru\/?s={search_term_string}"},"query-input":{"@type":"PropertyValueSpecification","valueRequired":true,"valueName":"search_term_string"}}],"inLanguage":"pt-PT"}]}},"_links":{"self":[{"href":"https:\/\/tenjin.com\/pt\/wp-json\/wp\/v2\/pages\/7","targetHints":{"allow":["GET"]}}],"collection":[{"href":"https:\/\/tenjin.com\/pt\/wp-json\/wp\/v2\/pages"}],"about":[{"href":"https:\/\/tenjin.com\/pt\/wp-json\/wp\/v2\/types\/page"}],"author":[{"embeddable":true,"href":"https:\/\/tenjin.com\/pt\/wp-json\/wp\/v2\/users\/5"}],"replies":[{"embeddable":true,"href":"https:\/\/tenjin.com\/pt\/wp-json\/wp\/v2\/comments?post=7"}],"version-history":[{"count":0,"href":"https:\/\/tenjin.com\/pt\/wp-json\/wp\/v2\/pages\/7\/revisions"}],"wp:attachment":[{"href":"https:\/\/tenjin.com\/pt\/wp-json\/wp\/v2\/media?parent=7"}],"curies":[{"name":"wp","href":"https:\/\/api.w.org\/{rel}","templated":true}]}}