{"id":12514,"date":"2025-06-03T14:43:38","date_gmt":"2025-06-03T14:43:38","guid":{"rendered":"https:\/\/tenjin.com\/?page_id=12514"},"modified":"2025-06-03T15:19:00","modified_gmt":"2025-06-03T15:19:00","slug":"mmp","status":"publish","type":"page","link":"https:\/\/tenjin.com\/vi\/mmp\/","title":{"rendered":"Mobile Measurement Partner (MMP) |  Tenjin"},"content":{"rendered":"","protected":false},"excerpt":{"rendered":"","protected":false},"author":6,"featured_media":0,"parent":0,"menu_order":0,"comment_status":"closed","ping_status":"closed","template":"templates\/product-page.php","meta":{"_acf_changed":false,"footnotes":""},"class_list":["post-12514","page","type-page","status-publish","hentry"],"acf":[],"yoast_head":"<!-- This site is optimized with the Yoast SEO plugin v27.1.1 - https:\/\/yoast.com\/product\/yoast-seo-wordpress\/ -->\n<title>Mobile Measurement Partner (MMP) | Tenjin - Tenjin<\/title>\n<meta name=\"description\" content=\"Tenjin is a certified MMP, empowering mobile marketers to measure, analyze, and optimize ROI with precision for better results.\" \/>\n<meta name=\"robots\" content=\"index, follow, max-snippet:-1, max-image-preview:large, max-video-preview:-1\" \/>\n<link rel=\"canonical\" href=\"https:\/\/tenjin.com\/vi\/mmp\/\" \/>\n<meta property=\"og:locale\" content=\"vi_VN\" \/>\n<meta property=\"og:type\" content=\"article\" \/>\n<meta property=\"og:title\" content=\"Mobile Measurement Partner (MMP) | Tenjin - Tenjin\" \/>\n<meta property=\"og:description\" content=\"Tenjin is a certified MMP, empowering mobile marketers to measure, analyze, and optimize ROI with precision for better results.\" \/>\n<meta property=\"og:url\" content=\"https:\/\/tenjin.com\/vi\/mmp\/\" \/>\n<meta property=\"og:site_name\" content=\"Tenjin\" \/>\n<meta property=\"article:modified_time\" content=\"2025-06-03T15:19:00+00:00\" \/>\n<meta name=\"twitter:card\" content=\"summary_large_image\" \/>\n<script type=\"application\/ld+json\" class=\"yoast-schema-graph\">{\"@context\":\"https:\/\/schema.org\",\"@graph\":[{\"@type\":\"WebPage\",\"@id\":\"https:\/\/tenjin.com\/mmp\/\",\"url\":\"https:\/\/tenjin.com\/mmp\/\",\"name\":\"Mobile Measurement Partner (MMP) | Tenjin - Tenjin\",\"isPartOf\":{\"@id\":\"https:\/\/tenjin.com\/ru\/#website\"},\"datePublished\":\"2025-06-03T14:43:38+00:00\",\"dateModified\":\"2025-06-03T15:19:00+00:00\",\"description\":\"Tenjin is a certified MMP, empowering mobile marketers to measure, analyze, and optimize ROI with precision for better results.\",\"breadcrumb\":{\"@id\":\"https:\/\/tenjin.com\/mmp\/#breadcrumb\"},\"inLanguage\":\"vi\",\"potentialAction\":[{\"@type\":\"ReadAction\",\"target\":[\"https:\/\/tenjin.com\/mmp\/\"]}]},{\"@type\":\"BreadcrumbList\",\"@id\":\"https:\/\/tenjin.com\/mmp\/#breadcrumb\",\"itemListElement\":[{\"@type\":\"ListItem\",\"position\":1,\"name\":\"Home\",\"item\":\"https:\/\/tenjin.com\/\"},{\"@type\":\"ListItem\",\"position\":2,\"name\":\"Mobile Measurement Partner (MMP) | Tenjin\"}]},{\"@type\":\"WebSite\",\"@id\":\"https:\/\/tenjin.com\/ru\/#website\",\"url\":\"https:\/\/tenjin.com\/ru\/\",\"name\":\"Tenjin\",\"description\":\"\",\"potentialAction\":[{\"@type\":\"SearchAction\",\"target\":{\"@type\":\"EntryPoint\",\"urlTemplate\":\"https:\/\/tenjin.com\/ru\/?s={search_term_string}\"},\"query-input\":{\"@type\":\"PropertyValueSpecification\",\"valueRequired\":true,\"valueName\":\"search_term_string\"}}],\"inLanguage\":\"vi\"}]}<\/script>\n<!-- \/ Yoast SEO plugin. -->","yoast_head_json":{"title":"\u0110\u1ed1i t\u00e1c \u0110o l\u01b0\u1eddng Di \u0111\u1ed9ng (MMP) | Tenjin - Tenjin","description":"Tenjin l\u00e0 m\u1ed9t n\u1ec1n t\u1ea3ng MMP \u0111\u01b0\u1ee3c ch\u1ee9ng nh\u1eadn, gi\u00fap c\u00e1c nh\u00e0 ti\u1ebfp th\u1ecb di \u0111\u1ed9ng \u0111o l\u01b0\u1eddng, ph\u00e2n t\u00edch v\u00e0 t\u1ed1i \u01b0u h\u00f3a ROI m\u1ed9t c\u00e1ch ch\u00ednh x\u00e1c \u0111\u1ec3 \u0111\u1ea1t \u0111\u01b0\u1ee3c k\u1ebft qu\u1ea3 t\u1ed1t h\u01a1n.","robots":{"index":"index","follow":"follow","max-snippet":"max-snippet:-1","max-image-preview":"max-image-preview:large","max-video-preview":"max-video-preview:-1"},"canonical":"https:\/\/tenjin.com\/vi\/mmp\/","og_locale":"vi_VN","og_type":"article","og_title":"Mobile Measurement Partner (MMP) | Tenjin - Tenjin","og_description":"Tenjin is a certified MMP, empowering mobile marketers to measure, analyze, and optimize ROI with precision for better results.","og_url":"https:\/\/tenjin.com\/vi\/mmp\/","og_site_name":"Tenjin","article_modified_time":"2025-06-03T15:19:00+00:00","twitter_card":"summary_large_image","schema":{"@context":"https:\/\/schema.org","@graph":[{"@type":"WebPage","@id":"https:\/\/tenjin.com\/mmp\/","url":"https:\/\/tenjin.com\/mmp\/","name":"\u0110\u1ed1i t\u00e1c \u0110o l\u01b0\u1eddng Di \u0111\u1ed9ng (MMP) | Tenjin - Tenjin","isPartOf":{"@id":"https:\/\/tenjin.com\/ru\/#website"},"datePublished":"2025-06-03T14:43:38+00:00","dateModified":"2025-06-03T15:19:00+00:00","description":"Tenjin l\u00e0 m\u1ed9t n\u1ec1n t\u1ea3ng MMP \u0111\u01b0\u1ee3c ch\u1ee9ng nh\u1eadn, gi\u00fap c\u00e1c nh\u00e0 ti\u1ebfp th\u1ecb di \u0111\u1ed9ng \u0111o l\u01b0\u1eddng, ph\u00e2n t\u00edch v\u00e0 t\u1ed1i \u01b0u h\u00f3a ROI m\u1ed9t c\u00e1ch ch\u00ednh x\u00e1c \u0111\u1ec3 \u0111\u1ea1t \u0111\u01b0\u1ee3c k\u1ebft qu\u1ea3 t\u1ed1t h\u01a1n.","breadcrumb":{"@id":"https:\/\/tenjin.com\/mmp\/#breadcrumb"},"inLanguage":"vi","potentialAction":[{"@type":"ReadAction","target":["https:\/\/tenjin.com\/mmp\/"]}]},{"@type":"BreadcrumbList","@id":"https:\/\/tenjin.com\/mmp\/#breadcrumb","itemListElement":[{"@type":"ListItem","position":1,"name":"Home","item":"https:\/\/tenjin.com\/"},{"@type":"ListItem","position":2,"name":"Mobile Measurement Partner (MMP) | Tenjin"}]},{"@type":"WebSite","@id":"https:\/\/tenjin.com\/ru\/#website","url":"https:\/\/tenjin.com\/ru\/","name":"Th\u1ea7n Tenjin","description":"","potentialAction":[{"@type":"SearchAction","target":{"@type":"EntryPoint","urlTemplate":"https:\/\/tenjin.com\/ru\/?s={search_term_string}"},"query-input":{"@type":"PropertyValueSpecification","valueRequired":true,"valueName":"search_term_string"}}],"inLanguage":"vi"}]}},"_links":{"self":[{"href":"https:\/\/tenjin.com\/vi\/wp-json\/wp\/v2\/pages\/12514","targetHints":{"allow":["GET"]}}],"collection":[{"href":"https:\/\/tenjin.com\/vi\/wp-json\/wp\/v2\/pages"}],"about":[{"href":"https:\/\/tenjin.com\/vi\/wp-json\/wp\/v2\/types\/page"}],"author":[{"embeddable":true,"href":"https:\/\/tenjin.com\/vi\/wp-json\/wp\/v2\/users\/6"}],"replies":[{"embeddable":true,"href":"https:\/\/tenjin.com\/vi\/wp-json\/wp\/v2\/comments?post=12514"}],"version-history":[{"count":0,"href":"https:\/\/tenjin.com\/vi\/wp-json\/wp\/v2\/pages\/12514\/revisions"}],"wp:attachment":[{"href":"https:\/\/tenjin.com\/vi\/wp-json\/wp\/v2\/media?parent=12514"}],"curies":[{"name":"wp","href":"https:\/\/api.w.org\/{rel}","templated":true}]}}