{"id":40,"date":"2023-08-18T06:49:34","date_gmt":"2023-08-18T06:49:34","guid":{"rendered":"https:\/\/tenjin.com\/?page_id=40"},"modified":"2024-06-27T12:26:06","modified_gmt":"2024-06-27T12:26:06","slug":"mobile-attribution","status":"publish","type":"page","link":"https:\/\/tenjin.com\/vi\/mobile-attribution\/","title":{"rendered":"\u0110\u1ecbnh danh tr\u00ean thi\u1ebft b\u1ecb di \u0111\u1ed9ng"},"content":{"rendered":"","protected":false},"excerpt":{"rendered":"","protected":false},"author":5,"featured_media":0,"parent":0,"menu_order":0,"comment_status":"closed","ping_status":"closed","template":"templates\/product-page.php","meta":{"_acf_changed":false,"footnotes":""},"class_list":["post-40","page","type-page","status-publish","hentry"],"acf":[],"yoast_head":"<!-- This site is optimized with the Yoast SEO plugin v27.1.1 - https:\/\/yoast.com\/product\/yoast-seo-wordpress\/ -->\n<title>Mobile Attribution | Tenjin<\/title>\n<meta name=\"description\" content=\"Seamlessly identify and double down on the best users and advertising channels for your app with Tenjin\u2019s mobile attribution.\" \/>\n<meta name=\"robots\" content=\"index, follow, max-snippet:-1, max-image-preview:large, max-video-preview:-1\" \/>\n<link rel=\"canonical\" href=\"https:\/\/tenjin.com\/vi\/mobile-attribution\/\" \/>\n<meta property=\"og:locale\" content=\"vi_VN\" \/>\n<meta property=\"og:type\" content=\"article\" \/>\n<meta property=\"og:title\" content=\"Mobile Attribution\" \/>\n<meta property=\"og:description\" content=\"The ultimate growth engine for mobile apps\" \/>\n<meta property=\"og:url\" content=\"https:\/\/tenjin.com\/vi\/mobile-attribution\/\" \/>\n<meta property=\"og:site_name\" content=\"Tenjin\" \/>\n<meta property=\"article:modified_time\" content=\"2024-06-27T12:26:06+00:00\" \/>\n<meta property=\"og:image\" content=\"https:\/\/tenjin.com\/wp-content\/uploads\/2023\/10\/Mobile-attribution.png\" \/>\n\t<meta property=\"og:image:width\" content=\"1600\" \/>\n\t<meta property=\"og:image:height\" content=\"900\" \/>\n\t<meta property=\"og:image:type\" content=\"image\/png\" \/>\n<meta name=\"twitter:card\" content=\"summary_large_image\" \/>\n<meta name=\"twitter:site\" content=\"@TenjinMMP\" \/>\n<script type=\"application\/ld+json\" class=\"yoast-schema-graph\">{\"@context\":\"https:\/\/schema.org\",\"@graph\":[{\"@type\":\"WebPage\",\"@id\":\"https:\/\/tenjin.com\/mobile-attribution\/\",\"url\":\"https:\/\/tenjin.com\/mobile-attribution\/\",\"name\":\"Mobile Attribution | Tenjin\",\"isPartOf\":{\"@id\":\"https:\/\/tenjin.com\/#website\"},\"datePublished\":\"2023-08-18T06:49:34+00:00\",\"dateModified\":\"2024-06-27T12:26:06+00:00\",\"description\":\"Seamlessly identify and double down on the best users and advertising channels for your app with Tenjin\u2019s mobile attribution.\",\"breadcrumb\":{\"@id\":\"https:\/\/tenjin.com\/mobile-attribution\/#breadcrumb\"},\"inLanguage\":\"vi\",\"potentialAction\":[{\"@type\":\"ReadAction\",\"target\":[\"https:\/\/tenjin.com\/mobile-attribution\/\"]}]},{\"@type\":\"BreadcrumbList\",\"@id\":\"https:\/\/tenjin.com\/mobile-attribution\/#breadcrumb\",\"itemListElement\":[{\"@type\":\"ListItem\",\"position\":1,\"name\":\"Home\",\"item\":\"https:\/\/tenjin.com\/\"},{\"@type\":\"ListItem\",\"position\":2,\"name\":\"Mobile Attribution\"}]},{\"@type\":\"WebSite\",\"@id\":\"https:\/\/tenjin.com\/#website\",\"url\":\"https:\/\/tenjin.com\/\",\"name\":\"Tenjin\",\"description\":\"Growth Made Simple\",\"publisher\":{\"@id\":\"https:\/\/tenjin.com\/#organization\"},\"alternateName\":\"Tenjin - Mobile Measurement Partner\",\"potentialAction\":[{\"@type\":\"SearchAction\",\"target\":{\"@type\":\"EntryPoint\",\"urlTemplate\":\"https:\/\/tenjin.com\/?s={search_term_string}\"},\"query-input\":{\"@type\":\"PropertyValueSpecification\",\"valueRequired\":true,\"valueName\":\"search_term_string\"}}],\"inLanguage\":\"vi\"},{\"@type\":\"Organization\",\"@id\":\"https:\/\/tenjin.com\/#organization\",\"name\":\"Tenjin\",\"url\":\"https:\/\/tenjin.com\/\",\"logo\":{\"@type\":\"ImageObject\",\"inLanguage\":\"vi\",\"@id\":\"https:\/\/tenjin.com\/#\/schema\/logo\/image\/\",\"url\":\"https:\/\/tenjin.com\/wp-content\/uploads\/2026\/04\/images.webp\",\"contentUrl\":\"https:\/\/tenjin.com\/wp-content\/uploads\/2026\/04\/images.webp\",\"width\":429,\"height\":117,\"caption\":\"Tenjin\"},\"image\":{\"@id\":\"https:\/\/tenjin.com\/#\/schema\/logo\/image\/\"},\"sameAs\":[\"https:\/\/x.com\/TenjinMMP\",\"https:\/\/www.youtube.com\/@TenjinMMP\",\"https:\/\/www.linkedin.com\/company\/tenjin\"]}]}<\/script>\n<!-- \/ Yoast SEO plugin. -->","yoast_head_json":{"title":"Mobile Attribution | Tenjin","description":"D\u1ec5 d\u00e0ng x\u00e1c \u0111\u1ecbnh v\u00e0 t\u1eadp trung v\u00e0o nh\u1eefng ng\u01b0\u1eddi d\u00f9ng v\u00e0 k\u00eanh qu\u1ea3ng c\u00e1o t\u1ed1t nh\u1ea5t cho \u1ee9ng d\u1ee5ng c\u1ee7a b\u1ea1n v\u1edbi t\u00ednh n\u0103ng theo d\u00f5i hi\u1ec7u qu\u1ea3 qu\u1ea3ng c\u00e1o tr\u00ean di \u0111\u1ed9ng c\u1ee7a Tenjin.","robots":{"index":"index","follow":"follow","max-snippet":"max-snippet:-1","max-image-preview":"max-image-preview:large","max-video-preview":"max-video-preview:-1"},"canonical":"https:\/\/tenjin.com\/vi\/mobile-attribution\/","og_locale":"vi_VN","og_type":"article","og_title":"Mobile Attribution","og_description":"The ultimate growth engine for mobile apps","og_url":"https:\/\/tenjin.com\/vi\/mobile-attribution\/","og_site_name":"Tenjin","article_modified_time":"2024-06-27T12:26:06+00:00","og_image":[{"width":1600,"height":900,"url":"https:\/\/tenjin.com\/wp-content\/uploads\/2023\/10\/Mobile-attribution.png","type":"image\/png"}],"twitter_card":"summary_large_image","twitter_site":"@TenjinMMP","schema":{"@context":"https:\/\/schema.org","@graph":[{"@type":"WebPage","@id":"https:\/\/tenjin.com\/mobile-attribution\/","url":"https:\/\/tenjin.com\/mobile-attribution\/","name":"Mobile Attribution | Tenjin","isPartOf":{"@id":"https:\/\/tenjin.com\/#website"},"datePublished":"2023-08-18T06:49:34+00:00","dateModified":"2024-06-27T12:26:06+00:00","description":"D\u1ec5 d\u00e0ng x\u00e1c \u0111\u1ecbnh v\u00e0 t\u1eadp trung v\u00e0o nh\u1eefng ng\u01b0\u1eddi d\u00f9ng v\u00e0 k\u00eanh qu\u1ea3ng c\u00e1o t\u1ed1t nh\u1ea5t cho \u1ee9ng d\u1ee5ng c\u1ee7a b\u1ea1n v\u1edbi t\u00ednh n\u0103ng theo d\u00f5i hi\u1ec7u qu\u1ea3 qu\u1ea3ng c\u00e1o tr\u00ean di \u0111\u1ed9ng c\u1ee7a Tenjin.","breadcrumb":{"@id":"https:\/\/tenjin.com\/mobile-attribution\/#breadcrumb"},"inLanguage":"vi","potentialAction":[{"@type":"ReadAction","target":["https:\/\/tenjin.com\/mobile-attribution\/"]}]},{"@type":"BreadcrumbList","@id":"https:\/\/tenjin.com\/mobile-attribution\/#breadcrumb","itemListElement":[{"@type":"ListItem","position":1,"name":"Home","item":"https:\/\/tenjin.com\/"},{"@type":"ListItem","position":2,"name":"Mobile Attribution"}]},{"@type":"WebSite","@id":"https:\/\/tenjin.com\/#website","url":"https:\/\/tenjin.com\/","name":"Th\u1ea7n Tenjin","description":"Ph\u00e1t tri\u1ec3n \u0111\u01a1n gi\u1ea3n","publisher":{"@id":"https:\/\/tenjin.com\/#organization"},"alternateName":"Tenjin - Mobile Measurement Partner","potentialAction":[{"@type":"SearchAction","target":{"@type":"EntryPoint","urlTemplate":"https:\/\/tenjin.com\/?s={search_term_string}"},"query-input":{"@type":"PropertyValueSpecification","valueRequired":true,"valueName":"search_term_string"}}],"inLanguage":"vi"},{"@type":"Organization","@id":"https:\/\/tenjin.com\/#organization","name":"Th\u1ea7n Tenjin","url":"https:\/\/tenjin.com\/","logo":{"@type":"ImageObject","inLanguage":"vi","@id":"https:\/\/tenjin.com\/#\/schema\/logo\/image\/","url":"https:\/\/tenjin.com\/wp-content\/uploads\/2026\/04\/images.webp","contentUrl":"https:\/\/tenjin.com\/wp-content\/uploads\/2026\/04\/images.webp","width":429,"height":117,"caption":"Tenjin"},"image":{"@id":"https:\/\/tenjin.com\/#\/schema\/logo\/image\/"},"sameAs":["https:\/\/x.com\/TenjinMMP","https:\/\/www.youtube.com\/@TenjinMMP","https:\/\/www.linkedin.com\/company\/tenjin"]}]}},"_links":{"self":[{"href":"https:\/\/tenjin.com\/vi\/wp-json\/wp\/v2\/pages\/40","targetHints":{"allow":["GET"]}}],"collection":[{"href":"https:\/\/tenjin.com\/vi\/wp-json\/wp\/v2\/pages"}],"about":[{"href":"https:\/\/tenjin.com\/vi\/wp-json\/wp\/v2\/types\/page"}],"author":[{"embeddable":true,"href":"https:\/\/tenjin.com\/vi\/wp-json\/wp\/v2\/users\/5"}],"replies":[{"embeddable":true,"href":"https:\/\/tenjin.com\/vi\/wp-json\/wp\/v2\/comments?post=40"}],"version-history":[{"count":0,"href":"https:\/\/tenjin.com\/vi\/wp-json\/wp\/v2\/pages\/40\/revisions"}],"wp:attachment":[{"href":"https:\/\/tenjin.com\/vi\/wp-json\/wp\/v2\/media?parent=40"}],"curies":[{"name":"wp","href":"https:\/\/api.w.org\/{rel}","templated":true}]}}