{"id":9,"date":"2023-08-04T06:37:58","date_gmt":"2023-08-04T06:37:58","guid":{"rendered":"https:\/\/tenjin.com\/integrations-page\/"},"modified":"2024-06-27T15:25:24","modified_gmt":"2024-06-27T15:25:24","slug":"partners","status":"publish","type":"page","link":"https:\/\/tenjin.com\/vi\/partners\/","title":{"rendered":"\u0110\u1ed1i t\u00e1c t\u00edch h\u1ee3p"},"content":{"rendered":"","protected":false},"excerpt":{"rendered":"","protected":false},"author":5,"featured_media":0,"parent":0,"menu_order":0,"comment_status":"closed","ping_status":"closed","template":"templates\/~integrations-page-03-01-24.php","meta":{"_acf_changed":false,"footnotes":""},"class_list":["post-9","page","type-page","status-publish","hentry"],"acf":[],"yoast_head":"<!-- This site is optimized with the Yoast SEO plugin v27.1.1 - https:\/\/yoast.com\/product\/yoast-seo-wordpress\/ -->\n<title>Integrated Partners | Tenjin<\/title>\n<meta name=\"description\" content=\"Tenjin supports 300+ integrated partners. Find the user acquisition, ad monetization, &amp; other integrations you need.\" \/>\n<meta name=\"robots\" content=\"index, follow, max-snippet:-1, max-image-preview:large, max-video-preview:-1\" \/>\n<link rel=\"canonical\" href=\"https:\/\/tenjin.com\/vi\/partners\/\" \/>\n<meta property=\"og:locale\" content=\"vi_VN\" \/>\n<meta property=\"og:type\" content=\"article\" \/>\n<meta property=\"og:title\" content=\"Tenjin integrations empower your team\" \/>\n<meta property=\"og:description\" content=\"Find the integration you need\" \/>\n<meta property=\"og:url\" content=\"https:\/\/tenjin.com\/vi\/partners\/\" \/>\n<meta property=\"og:site_name\" content=\"Tenjin\" \/>\n<meta property=\"article:modified_time\" content=\"2024-06-27T15:25:24+00:00\" \/>\n<meta property=\"og:image\" content=\"https:\/\/tenjin.com\/wp-content\/uploads\/2023\/10\/Integrations.png\" \/>\n\t<meta property=\"og:image:width\" content=\"1600\" \/>\n\t<meta property=\"og:image:height\" content=\"900\" \/>\n\t<meta property=\"og:image:type\" content=\"image\/png\" \/>\n<meta name=\"twitter:card\" content=\"summary_large_image\" \/>\n<meta name=\"twitter:site\" content=\"@TenjinMMP\" \/>\n<script type=\"application\/ld+json\" class=\"yoast-schema-graph\">{\"@context\":\"https:\/\/schema.org\",\"@graph\":[{\"@type\":\"WebPage\",\"@id\":\"https:\/\/tenjin.com\/ja\/partners\/\",\"url\":\"https:\/\/tenjin.com\/ja\/partners\/\",\"name\":\"Integrated Partners | Tenjin\",\"isPartOf\":{\"@id\":\"https:\/\/tenjin.com\/#website\"},\"datePublished\":\"2023-08-04T06:37:58+00:00\",\"dateModified\":\"2024-06-27T15:25:24+00:00\",\"description\":\"Tenjin supports 300+ integrated partners. Find the user acquisition, ad monetization, & other integrations you need.\",\"breadcrumb\":{\"@id\":\"https:\/\/tenjin.com\/ja\/partners\/#breadcrumb\"},\"inLanguage\":\"vi\",\"potentialAction\":[{\"@type\":\"ReadAction\",\"target\":[\"https:\/\/tenjin.com\/ja\/partners\/\"]}]},{\"@type\":\"BreadcrumbList\",\"@id\":\"https:\/\/tenjin.com\/ja\/partners\/#breadcrumb\",\"itemListElement\":[{\"@type\":\"ListItem\",\"position\":1,\"name\":\"Home\",\"item\":\"https:\/\/tenjin.com\/\"},{\"@type\":\"ListItem\",\"position\":2,\"name\":\"Integrated Partners\"}]},{\"@type\":\"WebSite\",\"@id\":\"https:\/\/tenjin.com\/#website\",\"url\":\"https:\/\/tenjin.com\/\",\"name\":\"Tenjin\",\"description\":\"Growth Made Simple\",\"publisher\":{\"@id\":\"https:\/\/tenjin.com\/#organization\"},\"alternateName\":\"Tenjin - Mobile Measurement Partner\",\"potentialAction\":[{\"@type\":\"SearchAction\",\"target\":{\"@type\":\"EntryPoint\",\"urlTemplate\":\"https:\/\/tenjin.com\/?s={search_term_string}\"},\"query-input\":{\"@type\":\"PropertyValueSpecification\",\"valueRequired\":true,\"valueName\":\"search_term_string\"}}],\"inLanguage\":\"vi\"},{\"@type\":\"Organization\",\"@id\":\"https:\/\/tenjin.com\/#organization\",\"name\":\"Tenjin\",\"url\":\"https:\/\/tenjin.com\/\",\"logo\":{\"@type\":\"ImageObject\",\"inLanguage\":\"vi\",\"@id\":\"https:\/\/tenjin.com\/#\/schema\/logo\/image\/\",\"url\":\"https:\/\/tenjin.com\/wp-content\/uploads\/2026\/04\/images.webp\",\"contentUrl\":\"https:\/\/tenjin.com\/wp-content\/uploads\/2026\/04\/images.webp\",\"width\":429,\"height\":117,\"caption\":\"Tenjin\"},\"image\":{\"@id\":\"https:\/\/tenjin.com\/#\/schema\/logo\/image\/\"},\"sameAs\":[\"https:\/\/x.com\/TenjinMMP\",\"https:\/\/www.youtube.com\/@TenjinMMP\",\"https:\/\/www.linkedin.com\/company\/tenjin\"]}]}<\/script>\n<!-- \/ Yoast SEO plugin. -->","yoast_head_json":{"title":"Integrated Partners | Tenjin","description":"Tenjin h\u1ed7 tr\u1ee3 h\u01a1n 300 \u0111\u1ed1i t\u00e1c t\u00edch h\u1ee3p. T\u00ecm ki\u1ebfm c\u00e1c gi\u1ea3i ph\u00e1p thu h\u00fat ng\u01b0\u1eddi d\u00f9ng, ki\u1ebfm ti\u1ec1n t\u1eeb qu\u1ea3ng c\u00e1o v\u00e0 c\u00e1c t\u00edch h\u1ee3p kh\u00e1c m\u00e0 b\u1ea1n c\u1ea7n.","robots":{"index":"index","follow":"follow","max-snippet":"max-snippet:-1","max-image-preview":"max-image-preview:large","max-video-preview":"max-video-preview:-1"},"canonical":"https:\/\/tenjin.com\/vi\/partners\/","og_locale":"vi_VN","og_type":"article","og_title":"Tenjin integrations empower your team","og_description":"Find the integration you need","og_url":"https:\/\/tenjin.com\/vi\/partners\/","og_site_name":"Tenjin","article_modified_time":"2024-06-27T15:25:24+00:00","og_image":[{"width":1600,"height":900,"url":"https:\/\/tenjin.com\/wp-content\/uploads\/2023\/10\/Integrations.png","type":"image\/png"}],"twitter_card":"summary_large_image","twitter_site":"@TenjinMMP","schema":{"@context":"https:\/\/schema.org","@graph":[{"@type":"WebPage","@id":"https:\/\/tenjin.com\/ja\/partners\/","url":"https:\/\/tenjin.com\/ja\/partners\/","name":"Integrated Partners | Tenjin","isPartOf":{"@id":"https:\/\/tenjin.com\/#website"},"datePublished":"2023-08-04T06:37:58+00:00","dateModified":"2024-06-27T15:25:24+00:00","description":"Tenjin h\u1ed7 tr\u1ee3 h\u01a1n 300 \u0111\u1ed1i t\u00e1c t\u00edch h\u1ee3p. T\u00ecm ki\u1ebfm c\u00e1c gi\u1ea3i ph\u00e1p thu h\u00fat ng\u01b0\u1eddi d\u00f9ng, ki\u1ebfm ti\u1ec1n t\u1eeb qu\u1ea3ng c\u00e1o v\u00e0 c\u00e1c t\u00edch h\u1ee3p kh\u00e1c m\u00e0 b\u1ea1n c\u1ea7n.","breadcrumb":{"@id":"https:\/\/tenjin.com\/ja\/partners\/#breadcrumb"},"inLanguage":"vi","potentialAction":[{"@type":"ReadAction","target":["https:\/\/tenjin.com\/ja\/partners\/"]}]},{"@type":"BreadcrumbList","@id":"https:\/\/tenjin.com\/ja\/partners\/#breadcrumb","itemListElement":[{"@type":"ListItem","position":1,"name":"Home","item":"https:\/\/tenjin.com\/"},{"@type":"ListItem","position":2,"name":"Integrated Partners"}]},{"@type":"WebSite","@id":"https:\/\/tenjin.com\/#website","url":"https:\/\/tenjin.com\/","name":"Th\u1ea7n Tenjin","description":"Ph\u00e1t tri\u1ec3n \u0111\u01a1n gi\u1ea3n","publisher":{"@id":"https:\/\/tenjin.com\/#organization"},"alternateName":"Tenjin - Mobile Measurement Partner","potentialAction":[{"@type":"SearchAction","target":{"@type":"EntryPoint","urlTemplate":"https:\/\/tenjin.com\/?s={search_term_string}"},"query-input":{"@type":"PropertyValueSpecification","valueRequired":true,"valueName":"search_term_string"}}],"inLanguage":"vi"},{"@type":"Organization","@id":"https:\/\/tenjin.com\/#organization","name":"Th\u1ea7n Tenjin","url":"https:\/\/tenjin.com\/","logo":{"@type":"ImageObject","inLanguage":"vi","@id":"https:\/\/tenjin.com\/#\/schema\/logo\/image\/","url":"https:\/\/tenjin.com\/wp-content\/uploads\/2026\/04\/images.webp","contentUrl":"https:\/\/tenjin.com\/wp-content\/uploads\/2026\/04\/images.webp","width":429,"height":117,"caption":"Tenjin"},"image":{"@id":"https:\/\/tenjin.com\/#\/schema\/logo\/image\/"},"sameAs":["https:\/\/x.com\/TenjinMMP","https:\/\/www.youtube.com\/@TenjinMMP","https:\/\/www.linkedin.com\/company\/tenjin"]}]}},"_links":{"self":[{"href":"https:\/\/tenjin.com\/vi\/wp-json\/wp\/v2\/pages\/9","targetHints":{"allow":["GET"]}}],"collection":[{"href":"https:\/\/tenjin.com\/vi\/wp-json\/wp\/v2\/pages"}],"about":[{"href":"https:\/\/tenjin.com\/vi\/wp-json\/wp\/v2\/types\/page"}],"author":[{"embeddable":true,"href":"https:\/\/tenjin.com\/vi\/wp-json\/wp\/v2\/users\/5"}],"replies":[{"embeddable":true,"href":"https:\/\/tenjin.com\/vi\/wp-json\/wp\/v2\/comments?post=9"}],"version-history":[{"count":0,"href":"https:\/\/tenjin.com\/vi\/wp-json\/wp\/v2\/pages\/9\/revisions"}],"wp:attachment":[{"href":"https:\/\/tenjin.com\/vi\/wp-json\/wp\/v2\/media?parent=9"}],"curies":[{"name":"wp","href":"https:\/\/api.w.org\/{rel}","templated":true}]}}